{"id":158,"date":"2025-02-13T09:07:50","date_gmt":"2025-02-13T08:07:50","guid":{"rendered":"https:\/\/webabc.info\/docs\/?page_id=158"},"modified":"2026-02-23T07:45:48","modified_gmt":"2026-02-23T06:45:48","slug":"warum-webabc","status":"publish","type":"page","link":"https:\/\/webabc.info\/docs\/warum-webabc\/","title":{"rendered":"Warum WebABC?"},"content":{"rendered":"\n<p><strong>Warum sich ein Eintrag im Webverzeichnis WebABC.info lohnt<\/strong><\/p>\n\n\n\n<p>Ein Eintrag in WebABC.info bietet zahlreiche Vorteile f\u00fcr Ihre Webseite. Als einer der gr\u00f6\u00dften noch bestehenden deutschsprachigen Webkataloge stellt WebABC.info eine ideale Alternative zu Dmoz.org dar und bietet eine hochwertige Plattform zur Steigerung Ihrer Online-Sichtbarkeit.<\/p>\n\n\n\n<h3 class=\"wp-block-heading\"><strong>Hochwertiges, redaktionell gepr\u00fcftes Verzeichnis<\/strong><\/h3>\n\n\n\n<p>WebABC.info ist ein von Hand gef\u00fchrtes Linkverzeichnis, in dem alle Eintr\u00e4ge redaktionell gepr\u00fcft, bewertet und manuell freigeschaltet werden. Dadurch bleibt die Qualit\u00e4t der gelisteten Webseiten hoch, was sich positiv auf das Ranking der eingetragenen Seiten auswirkt.<\/p>\n\n\n\n<h3 class=\"wp-block-heading\"><strong>SEO-Vorteile &amp; starke Verlinkung<\/strong><\/h3>\n\n\n\n<p>Unser Webkatalog hat ein gutes Ranking und vererbt dieses an Ihre Webseite. Selbst unsere Unterseiten erzielen hervorragende Platzierungen, sodass Ihre Webseite nicht nur von der Hauptseite profitiert, sondern auch durch thematisch relevante Unterseiten an Sichtbarkeit gewinnt. Alle Seiten und Unterseiten des Verzeichnisses sind im Google-Index gelistet.<\/p>\n\n\n\n<h3 class=\"wp-block-heading\"><strong>Top-Platzierungen in Suchmaschinen<\/strong><\/h3>\n\n\n\n<p>Mit Suchbegriffen wie \u201eWebkatalog\u201c, \u201eWebseite eintragen\u201c und \u201eWebverzeichnis\u201c erzielt WebABC.info Top-Positionen bei Google. Das bedeutet, dass auch Ihre Webseite von einer verbesserten Auffindbarkeit profitieren kann.<\/p>\n\n\n\n<h3 class=\"wp-block-heading\"><strong>Langfristige Sichtbarkeit ohne Werbung<\/strong><\/h3>\n\n\n\n<p>Seit 2025 bietet WebABC.info eine nachhaltige Plattform zur Verbreitung deutschsprachiger Webseiten \u2013 und das v\u00f6llig werbefrei. Ihr Eintrag ist dauerhaft und wird nicht nach einer bestimmten Zeit gel\u00f6scht.<\/p>\n\n\n\n<h3 class=\"wp-block-heading\"><strong>Zus\u00e4tzliche Reichweite durch gezielte Werbung<\/strong><\/h3>\n\n\n\n<p>WebABC.info wird aktiv mit Google AdWords und Facebook Ads beworben. Dadurch erreichen wir kontinuierlich neue Besucher, was wiederum f\u00fcr mehr potenzielle Klicks auf Ihre Webseite sorgt.<\/p>\n\n\n\n<h3 class=\"wp-block-heading\"><strong>Saubere Linkstruktur &amp; direkte Verlinkung<\/strong><\/h3>\n\n\n\n<p>Unser Webverzeichnis hat eine sehr saubere Linkstruktur, die eine einfache Indexierung durch Suchmaschinen erm\u00f6glicht. Ihre Webseite wird dabei direkt verlinkt, was den SEO-Wert weiter verbessert.<\/p>\n\n\n\n<h3 class=\"wp-block-heading\"><strong>Fazit<\/strong><\/h3>\n\n\n\n<p>Ein Eintrag in WebABC.info lohnt sich f\u00fcr alle, die ihre Online-Sichtbarkeit verbessern, gezielten Traffic generieren und von einer starken SEO-Verlinkung profitieren m\u00f6chten. Nutzen Sie die Vorteile eines der letzten qualitativ hochwertigen deutschsprachigen Webverzeichnisse und sichern Sie sich einen Platz in unserem Webkatalog!<\/p>\n\n\n\n<p><\/p>\n\n\n\n<ul class=\"wp-block-list\">\n<li>Der Webkatalog von WebABC.info ist ein von Hand gef\u00fchrtes Linkverzeichnis.<\/li>\n\n\n\n<li>WebABC.info ist einer der gr\u00f6\u00dften noch bestehenden deutschsprachigen Webkataloge im Internet.<\/li>\n\n\n\n<li>WebABC.info ist die beste Alternative zu&nbsp;<del>Dmoz.org<\/del>&nbsp;f\u00fcr deutsche Webseiten.<\/li>\n\n\n\n<li>Alle Eintr\u00e4ge werden redaktionell gepr\u00fcft, von einem Admin bewertet und manuell freigeschaltet.<\/li>\n\n\n\n<li>Der Webkatalog&nbsp;hat bereits \u00fcber 4.000 eingetragene Webseiten.<\/li>\n\n\n\n<li>Unser Webverzeichnis hat ein gutes&nbsp;Ranking.<\/li>\n\n\n\n<li>Wir vererben Ihrer Webseite unser Ranking.<\/li>\n\n\n\n<li>Sogar unsere Unterseiten erzielen ein gutes Ranking.<\/li>\n\n\n\n<li>Alle Seiten und Unterseiten des Verzeichnisses sind im Google Index.<\/li>\n\n\n\n<li>Top Google Platzierungen mit den Suchworten \u201eWebkatalog\u201c, \u201eWebseite eintragen\u201c, \u201eWebverzeichnis\u201c usw.<\/li>\n\n\n\n<li>Unser Webkatalog besteht seit 2025.<\/li>\n\n\n\n<li>In unserem Webverzeichnis gibt es keine Werbung.<\/li>\n\n\n\n<li>Wir werben mit Google Adwords.<\/li>\n\n\n\n<li>Wir werben mit Facekook Ads.<\/li>\n\n\n\n<li>Unser Webverzeichnis hat eine sehr saubere Linkstruktur.<\/li>\n\n\n\n<li>In unserem Webkatalog werden nur deutschsprachige Webseiten aufgenommen.<\/li>\n\n\n\n<li>Ihre Webseite wird direkt verlinkt.<\/li>\n\n\n\n<li>Ihr Eintrag ist dauerhaft.<\/li>\n<\/ul>\n\n\n\n<p><\/p>\n\n\n\n<p>Sie k\u00f6nnen hier Ihre&nbsp;<a href=\"https:\/\/webabc.info\/webseite-eintragen.html\">Webseite anmelden<\/a>.<\/p>\n","protected":false},"excerpt":{"rendered":"<p>Warum sich ein Eintrag im Webverzeichnis WebABC.info lohnt Ein Eintrag in WebABC.info bietet zahlreiche Vorteile f\u00fcr Ihre Webseite. Als einer der gr\u00f6\u00dften noch bestehenden deutschsprachigen Webkataloge stellt WebABC.info eine ideale Alternative zu Dmoz.org dar und bietet eine hochwertige Plattform zur Steigerung Ihrer Online-Sichtbarkeit. Hochwertiges, redaktionell gepr\u00fcftes Verzeichnis WebABC.info ist ein von Hand gef\u00fchrtes Linkverzeichnis, in [&hellip;]<\/p>\n","protected":false},"author":1,"featured_media":0,"parent":0,"menu_order":0,"comment_status":"closed","ping_status":"closed","template":"","meta":{"footnotes":""},"class_list":["post-158","page","type-page","status-publish","hentry"],"_links":{"self":[{"href":"https:\/\/webabc.info\/docs\/wp-json\/wp\/v2\/pages\/158","targetHints":{"allow":["GET"]}}],"collection":[{"href":"https:\/\/webabc.info\/docs\/wp-json\/wp\/v2\/pages"}],"about":[{"href":"https:\/\/webabc.info\/docs\/wp-json\/wp\/v2\/types\/page"}],"author":[{"embeddable":true,"href":"https:\/\/webabc.info\/docs\/wp-json\/wp\/v2\/users\/1"}],"replies":[{"embeddable":true,"href":"https:\/\/webabc.info\/docs\/wp-json\/wp\/v2\/comments?post=158"}],"version-history":[{"count":4,"href":"https:\/\/webabc.info\/docs\/wp-json\/wp\/v2\/pages\/158\/revisions"}],"predecessor-version":[{"id":231,"href":"https:\/\/webabc.info\/docs\/wp-json\/wp\/v2\/pages\/158\/revisions\/231"}],"wp:attachment":[{"href":"https:\/\/webabc.info\/docs\/wp-json\/wp\/v2\/media?parent=158"}],"curies":[{"name":"wp","href":"https:\/\/api.w.org\/{rel}","templated":true}]}}