{"id":11,"date":"2025-02-11T08:37:22","date_gmt":"2025-02-11T07:37:22","guid":{"rendered":"https:\/\/webabc.info\/docs\/?page_id=11"},"modified":"2025-02-11T20:47:16","modified_gmt":"2025-02-11T19:47:16","slug":"agb","status":"publish","type":"page","link":"https:\/\/webabc.info\/docs\/agb\/","title":{"rendered":"AGB"},"content":{"rendered":"\n<p><strong>1. Allgemeine Nutzungsbedingungen des Webkataloges<\/strong><br>Diese Nutzungsbedingungen gelten f\u00fcr alle Anwendungen dieses Webkataloges. Wir behalten uns vor, diese Nutzungsbedingungen jederzeit und ohne vorherige Ank\u00fcndigung zu \u00e4ndern. Mit der Nutzung unseres Webkataloges erkennen Sie unsere Nutzungsbedingungen in der jeweils g\u00fcltigen Fassung an.<\/p>\n\n\n\n<p><strong>2. Inhalt des Onlineangebotes<\/strong><br>Wir \u00fcbernehmen keinerlei Gew\u00e4hr f\u00fcr die Aktualit\u00e4t, Korrektheit, Vollst\u00e4ndigkeit oder Qualit\u00e4t der bereitgestellten Informationen. Wir \u00fcbernehmen keine Haftung, welche sich auf Sch\u00e4den materieller oder ideeller Art beziehen, die durch die Nutzung oder Nichtnutzung der dargebotenen Informationen bzw. durch die Nutzung fehlerhafter und unvollst\u00e4ndiger Informationen verursacht wurden. Alle Angebote sind freibleibend und unverbindlich. Wir behalten es uns ausdr\u00fccklich vor, Teile der Seiten oder das gesamte Angebot ohne gesonderte Ank\u00fcndigung zu ver\u00e4ndern, zu erg\u00e4nzen, zu l\u00f6schen oder die Ver\u00f6ffentlichung zeitweise oder endg\u00fcltig einzustellen.<\/p>\n\n\n\n<p><strong>3. Verweise und Links<\/strong><br>F\u00fcr die Inhalte der fremden Webseiten, auf welche in diesem Webkatalog direkt oder indirekt verwiesen wird (\u201eHyperlinks\u201c) ist der Autor der jeweiligen Seite verantwortlich und wird von uns keine Haftung \u00fcbernommen. Deshalb distanzieren wir uns hiermit ausdr\u00fccklich von den Inhalten aller verlinkten\/verkn\u00fcpften Seiten. Diese Feststellung gilt f\u00fcr alle innerhalb des eigenen Internetangebotes gesetzten Links und Verweise sowie f\u00fcr Fremdeintr\u00e4ge in von uns eingerichteten G\u00e4steb\u00fcchern, Diskussionsforen, Linkverzeichnissen, Mailinglisten und in allen anderen Formen von Datenbanken, auf deren Inhalt externe Schreibzugriffe m\u00f6glich sind. F\u00fcr illegale, fehlerhafte oder unvollst\u00e4ndige Inhalte und insbesondere f\u00fcr Sch\u00e4den, die aus der Nutzung oder Nichtnutzung solcherart dargebotener Informationen entstehen, haftet allein der Anbieter der Seite, auf welche verwiesen wurde, nicht derjenige, der \u00fcber Links auf die jeweilige Ver\u00f6ffentlichung lediglich verweist.<\/p>\n\n\n\n<p><strong>4. Datenschutz<\/strong><br>Wir speichern E-Mail-Adressen und personenbezogene Daten im Rahmen der datenschutzrechtlichen Bestimmungen. Diese sind f\u00fcr Dritte nicht einsehbar und werden von uns auch nicht an Dritte weitergegeben. Die Nutzung der im Rahmen des Impressums oder vergleichbarer Angaben ver\u00f6ffentlichten Kontaktdaten wie Postanschriften, Telefon- und Faxnummern sowie Emailadressen durch Dritte zur \u00dcbersendung von nicht ausdr\u00fccklich angeforderten Informationen ist nicht gestattet. Rechtliche Schritte gegen die Versender von sogenannten Spam-Mails bei Verst\u00f6ssen gegen dieses Verbot sind ausdr\u00fccklich vorbehalten.<\/p>\n\n\n\n<p><strong>Eintragsrichtlinien des Webkataloges<\/strong><br>Die Aufnahme einer Webseite in den Webkatalog ist sowohl f\u00fcr Private- als auch f\u00fcr Gewerbliche Internetseiten geb\u00fchrenpflichtig.<\/p>\n\n\n\n<p>Jeder Eintrag einer Webseite wird vor der Freischaltung von uns \u00fcberpr\u00fcft. In unserem Webverzeichnis wird jede Seite aufgenommen, welche einen vern\u00fcnftigen Inhalt hat und einen gewissen Qualit\u00e4tsstandard aufweist. Ihr Angebot, auch einzelne Links, m\u00fcssen den allgemein g\u00fcltigen Rechtsvorschriften entsprechen.<\/p>\n\n\n\n<p><strong>Folgende Seiten werden nicht aufgenommen:<\/strong><\/p>\n\n\n\n<ul class=\"wp-block-list\">\n<li>Seiten mit illegalen, rassistischen, menschenverachtenden, gewaltverherrlichenden, gesetzeswidrigen oder strafrechtlich bedenklichen Inhalten!<\/li>\n\n\n\n<li>Erotikseiten oder Seiten mit pornographischen Inhalten!<\/li>\n\n\n\n<li>Crack, Warez oder Hackerseiten!<\/li>\n\n\n\n<li>Baustellenseiten!<\/li>\n\n\n\n<li>Reine Affiliateseiten!<\/li>\n\n\n\n<li>Keine Doppeleintr\u00e4ge oder Spiegelseiten (gleicher Inhalt mit verschiedenen URL\u2019s)!<\/li>\n\n\n\n<li>Seiten ohne g\u00fcltiges Impressum!<\/li>\n<\/ul>\n\n\n\n<p>Der Eintrag Ihrer Webseite darf nur vom Eigent\u00fcmer selbst, oder dessen Beauftragten vorgenommen werden. Es mu\u00df eine g\u00fcltige E-Mail Adresse laut Impressum angegeben sein! Eintragungssdienste, sind nicht zugelassen!<\/p>\n\n\n\n<p>Wir behalten uns vor, den Text Ihres Eintrages entsprechend zu \u00e4ndern oder anzupassen. Sollte Ihre Seite nicht in die von Ihnen angegebene Kategorie passen, wird von uns eine ad\u00e4quate Kategorie des Webverzeichnisses ausgew\u00e4hlt. Es besteht kein Anspruch auf Aufnahme einer Seite. Wir behalten uns ausdr\u00fccklich vor, die Aufnahme einer Webseite in unseren Webkatalog ohne Angabe von Gr\u00fcnden abzulehnen. Bereits get\u00e4tigte Zahlungen werden nat\u00fcrlich refundiert.<\/p>\n","protected":false},"excerpt":{"rendered":"<p>1. Allgemeine Nutzungsbedingungen des WebkatalogesDiese Nutzungsbedingungen gelten f\u00fcr alle Anwendungen dieses Webkataloges. Wir behalten uns vor, diese Nutzungsbedingungen jederzeit und ohne vorherige Ank\u00fcndigung zu \u00e4ndern. Mit der Nutzung unseres Webkataloges erkennen Sie unsere Nutzungsbedingungen in der jeweils g\u00fcltigen Fassung an. 2. Inhalt des OnlineangebotesWir \u00fcbernehmen keinerlei Gew\u00e4hr f\u00fcr die Aktualit\u00e4t, Korrektheit, Vollst\u00e4ndigkeit oder Qualit\u00e4t der [&hellip;]<\/p>\n","protected":false},"author":1,"featured_media":0,"parent":0,"menu_order":0,"comment_status":"closed","ping_status":"closed","template":"","meta":{"footnotes":""},"class_list":["post-11","page","type-page","status-publish","hentry"],"_links":{"self":[{"href":"https:\/\/webabc.info\/docs\/wp-json\/wp\/v2\/pages\/11","targetHints":{"allow":["GET"]}}],"collection":[{"href":"https:\/\/webabc.info\/docs\/wp-json\/wp\/v2\/pages"}],"about":[{"href":"https:\/\/webabc.info\/docs\/wp-json\/wp\/v2\/types\/page"}],"author":[{"embeddable":true,"href":"https:\/\/webabc.info\/docs\/wp-json\/wp\/v2\/users\/1"}],"replies":[{"embeddable":true,"href":"https:\/\/webabc.info\/docs\/wp-json\/wp\/v2\/comments?post=11"}],"version-history":[{"count":2,"href":"https:\/\/webabc.info\/docs\/wp-json\/wp\/v2\/pages\/11\/revisions"}],"predecessor-version":[{"id":121,"href":"https:\/\/webabc.info\/docs\/wp-json\/wp\/v2\/pages\/11\/revisions\/121"}],"wp:attachment":[{"href":"https:\/\/webabc.info\/docs\/wp-json\/wp\/v2\/media?parent=11"}],"curies":[{"name":"wp","href":"https:\/\/api.w.org\/{rel}","templated":true}]}}